{"id":2282,"date":"2025-01-06T14:37:06","date_gmt":"2025-01-06T12:37:06","guid":{"rendered":"https:\/\/7picompany.com\/?post_type=product&#038;p=2282"},"modified":"2025-01-06T14:56:37","modified_gmt":"2025-01-06T12:56:37","slug":"e-konsultacja","status":"publish","type":"product","link":"https:\/\/7picompany.com\/ua\/product\/e-konsultacja\/","title":{"rendered":"e-konsultacja"},"content":{"rendered":"<p>W ramach tej us\u0142ugi oferujemy Pa\u0144stwu\u00a0 mo\u017cliwo\u015b\u0107 skonsultowania z Doradc\u0105<\/p>\n<p><span data-contrast=\"auto\">doradca finansowy zajmuje si\u0119 m.in.:<\/span><span data-ccp-props=\"{&quot;201341983&quot;:0,&quot;335559740&quot;:276}\">\u00a0<\/span><\/p>\n<ul>\n<li>\n<ul>\n<li data-leveltext=\"\u25cf\" data-font=\"Calibri\" data-listid=\"1\" data-list-defn-props=\"{&quot;335552541&quot;:1,&quot;335559684&quot;:-2,&quot;335559685&quot;:720,&quot;335559991&quot;:360,&quot;469769242&quot;:[8226],&quot;469777803&quot;:&quot;left&quot;,&quot;469777804&quot;:&quot;\u25cf&quot;}\" aria-setsize=\"-1\" data-aria-posinset=\"1\" data-aria-level=\"1\"><span data-contrast=\"auto\">Wsparciem klient\u00f3w na etapie doboru odpowiedniego kredytu lub rodzaju finansowania oraz w ca\u0142ym procesie starania si\u0119 o otrzymanie produktu bankowego,\u00a0<\/span><span data-ccp-props=\"{&quot;201341983&quot;:0,&quot;335559685&quot;:720,&quot;335559740&quot;:276,&quot;335559991&quot;:360}\">\u00a0<\/span><\/li>\n<li data-leveltext=\"\u25cf\" data-font=\"Calibri\" data-listid=\"1\" data-list-defn-props=\"{&quot;335552541&quot;:1,&quot;335559684&quot;:-2,&quot;335559685&quot;:720,&quot;335559991&quot;:360,&quot;469769242&quot;:[8226],&quot;469777803&quot;:&quot;left&quot;,&quot;469777804&quot;:&quot;\u25cf&quot;}\" aria-setsize=\"-1\" data-aria-posinset=\"2\" data-aria-level=\"1\"><span data-contrast=\"auto\">doborem w\u0142a\u015bciwej instytucji bankowej \u2013 najkorzystniejszej dla swojego klienta,<\/span><span data-ccp-props=\"{&quot;201341983&quot;:0,&quot;335559685&quot;:720,&quot;335559740&quot;:276,&quot;335559991&quot;:360}\">\u00a0<\/span><\/li>\n<li data-leveltext=\"\u25cf\" data-font=\"Calibri\" data-listid=\"1\" data-list-defn-props=\"{&quot;335552541&quot;:1,&quot;335559684&quot;:-2,&quot;335559685&quot;:720,&quot;335559991&quot;:360,&quot;469769242&quot;:[8226],&quot;469777803&quot;:&quot;left&quot;,&quot;469777804&quot;:&quot;\u25cf&quot;}\" aria-setsize=\"-1\" data-aria-posinset=\"2\" data-aria-level=\"1\"><span data-contrast=\"auto\">por\u00f3wnywaniem wszystkich mo\u017cliwo\u015bci, a\u017c w ko\u0144cu dopasowaniem ofert bank\u00f3w do potrzeb konsumenta,<\/span><span data-ccp-props=\"{&quot;201341983&quot;:0,&quot;335559685&quot;:720,&quot;335559740&quot;:276,&quot;335559991&quot;:360}\">\u00a0<\/span><\/li>\n<li data-leveltext=\"\u25cf\" data-font=\"Calibri\" data-listid=\"1\" data-list-defn-props=\"{&quot;335552541&quot;:1,&quot;335559684&quot;:-2,&quot;335559685&quot;:720,&quot;335559991&quot;:360,&quot;469769242&quot;:[8226],&quot;469777803&quot;:&quot;left&quot;,&quot;469777804&quot;:&quot;\u25cf&quot;}\" aria-setsize=\"-1\" data-aria-posinset=\"2\" data-aria-level=\"1\"><span data-contrast=\"auto\">sprawdzeniem historii kredytowej i ustalenie ewentualnego planu, kt\u00f3ry poprawi sytuacj\u0119 klienta, aby banki by\u0142y bardziej przychylne do przyj\u0119cia wniosku,<\/span><span data-ccp-props=\"{&quot;201341983&quot;:0,&quot;335559685&quot;:720,&quot;335559740&quot;:276,&quot;335559991&quot;:360}\">\u00a0<\/span><\/li>\n<li data-leveltext=\"\u25cf\" data-font=\"Calibri\" data-listid=\"1\" data-list-defn-props=\"{&quot;335552541&quot;:1,&quot;335559684&quot;:-2,&quot;335559685&quot;:720,&quot;335559991&quot;:360,&quot;469769242&quot;:[8226],&quot;469777803&quot;:&quot;left&quot;,&quot;469777804&quot;:&quot;\u25cf&quot;}\" aria-setsize=\"-1\" data-aria-posinset=\"2\" data-aria-level=\"1\"><span data-contrast=\"auto\">zarz\u0105dzanie bud\u017cetem osobistym, jak i firmowym,<\/span><span data-ccp-props=\"{&quot;201341983&quot;:0,&quot;335559685&quot;:720,&quot;335559740&quot;:276,&quot;335559991&quot;:360}\">\u00a0<\/span><\/li>\n<li data-leveltext=\"\u25cf\" data-font=\"Calibri\" data-listid=\"1\" data-list-defn-props=\"{&quot;335552541&quot;:1,&quot;335559684&quot;:-2,&quot;335559685&quot;:720,&quot;335559991&quot;:360,&quot;469769242&quot;:[8226],&quot;469777803&quot;:&quot;left&quot;,&quot;469777804&quot;:&quot;\u25cf&quot;}\" aria-setsize=\"-1\" data-aria-posinset=\"2\" data-aria-level=\"1\"><span data-contrast=\"auto\">tworzeniem plan\u00f3w finansowych i kontrol\u0105 za\u0142o\u017conych cel\u00f3w.<\/span><span data-ccp-props=\"{&quot;201341983&quot;:0,&quot;335559685&quot;:720,&quot;335559740&quot;:276,&quot;335559991&quot;:360}\">\u00a0<\/span><\/li>\n<\/ul>\n<\/li>\n<\/ul>\n","protected":false},"excerpt":{"rendered":"<div class=\"wpm_excerpt clearfix\"><h1 class=\"product_title entry-title\">Doradztwo\u00a0 \u2013 jedna konsultacja online<\/h1>\n<\/div>","protected":false},"featured_media":2283,"comment_status":"open","ping_status":"closed","template":"","meta":[],"product_cat":[22],"product_tag":[24],"class_list":{"0":"post-2282","1":"product","2":"type-product","3":"status-publish","4":"has-post-thumbnail","6":"product_cat-22","7":"product_tag-e-konsultacja","9":"first","10":"instock","11":"sale","12":"downloadable","13":"virtual","14":"taxable","15":"purchasable","16":"product-type-simple"},"yoast_head":"<!-- This site is optimized with the Yoast SEO plugin v26.8 - https:\/\/yoast.com\/product\/yoast-seo-wordpress\/ -->\n<title>e-konsultacja - PIC<\/title>\n<meta name=\"robots\" content=\"index, follow, max-snippet:-1, max-image-preview:large, max-video-preview:-1\" \/>\n<link rel=\"canonical\" href=\"https:\/\/7picompany.com\/ua\/product\/e-konsultacja\/\" \/>\n<meta property=\"og:locale\" content=\"uk_UA\" \/>\n<meta property=\"og:type\" content=\"article\" \/>\n<meta property=\"og:title\" content=\"e-konsultacja - PIC\" \/>\n<meta property=\"og:description\" content=\"Doradztwo\u00a0 \u2013 jedna konsultacja online\" \/>\n<meta property=\"og:url\" content=\"https:\/\/7picompany.com\/ua\/product\/e-konsultacja\/\" \/>\n<meta property=\"og:site_name\" content=\"PIC\" \/>\n<meta property=\"article:publisher\" content=\"https:\/\/www.facebook.com\/Perfekt.Investment\" \/>\n<meta property=\"article:modified_time\" content=\"2025-01-06T12:56:37+00:00\" \/>\n<meta property=\"og:image\" content=\"https:\/\/7picompany.com\/wp-content\/uploads\/2025\/01\/doradca-finansowy.jpg\" \/>\n\t<meta property=\"og:image:width\" content=\"225\" \/>\n\t<meta property=\"og:image:height\" content=\"225\" \/>\n\t<meta property=\"og:image:type\" content=\"image\/jpeg\" \/>\n<meta name=\"twitter:card\" content=\"summary_large_image\" \/>\n<meta name=\"twitter:label1\" content=\"\u041f\u0440\u0438\u0431\u043b. \u0447\u0430\u0441 \u0447\u0438\u0442\u0430\u043d\u043d\u044f\" \/>\n\t<meta name=\"twitter:data1\" content=\"1 \u0445\u0432\u0438\u043b\u0438\u043d\u0430\" \/>\n<script type=\"application\/ld+json\" class=\"yoast-schema-graph\">{\"@context\":\"https:\/\/schema.org\",\"@graph\":[{\"@type\":\"WebPage\",\"@id\":\"https:\/\/7picompany.com\/product\/e-konsultacja\/\",\"url\":\"https:\/\/7picompany.com\/product\/e-konsultacja\/\",\"name\":\"e-konsultacja - PIC\",\"isPartOf\":{\"@id\":\"https:\/\/7picompany.com\/#website\"},\"primaryImageOfPage\":{\"@id\":\"https:\/\/7picompany.com\/product\/e-konsultacja\/#primaryimage\"},\"image\":{\"@id\":\"https:\/\/7picompany.com\/product\/e-konsultacja\/#primaryimage\"},\"thumbnailUrl\":\"https:\/\/7picompany.com\/wp-content\/uploads\/2025\/01\/doradca-finansowy.jpg\",\"datePublished\":\"2025-01-06T12:37:06+00:00\",\"dateModified\":\"2025-01-06T12:56:37+00:00\",\"inLanguage\":\"uk\",\"potentialAction\":[{\"@type\":\"ReadAction\",\"target\":[\"https:\/\/7picompany.com\/product\/e-konsultacja\/\"]}]},{\"@type\":\"ImageObject\",\"inLanguage\":\"uk\",\"@id\":\"https:\/\/7picompany.com\/product\/e-konsultacja\/#primaryimage\",\"url\":\"https:\/\/7picompany.com\/wp-content\/uploads\/2025\/01\/doradca-finansowy.jpg\",\"contentUrl\":\"https:\/\/7picompany.com\/wp-content\/uploads\/2025\/01\/doradca-finansowy.jpg\",\"width\":225,\"height\":225},{\"@type\":\"WebSite\",\"@id\":\"https:\/\/7picompany.com\/#website\",\"url\":\"https:\/\/7picompany.com\/\",\"name\":\"PIC\",\"description\":\"PERFECT INVESTMENT COMPANY SP\u00d3\u0141KA Z OGRANICZON\u0104 ODPOWIEDZIALNO\u015aCI\u0104\",\"publisher\":{\"@id\":\"https:\/\/7picompany.com\/#organization\"},\"potentialAction\":[{\"@type\":\"SearchAction\",\"target\":{\"@type\":\"EntryPoint\",\"urlTemplate\":\"https:\/\/7picompany.com\/?s={search_term_string}\"},\"query-input\":{\"@type\":\"PropertyValueSpecification\",\"valueRequired\":true,\"valueName\":\"search_term_string\"}}],\"inLanguage\":\"uk\"},{\"@type\":\"Organization\",\"@id\":\"https:\/\/7picompany.com\/#organization\",\"name\":\"PIC\",\"url\":\"https:\/\/7picompany.com\/\",\"logo\":{\"@type\":\"ImageObject\",\"inLanguage\":\"uk\",\"@id\":\"https:\/\/7picompany.com\/#\/schema\/logo\/image\/\",\"url\":\"https:\/\/7picompany.com\/wp-content\/uploads\/2021\/01\/cropped-Logo_RGB_1-scaled-1.jpg\",\"contentUrl\":\"https:\/\/7picompany.com\/wp-content\/uploads\/2021\/01\/cropped-Logo_RGB_1-scaled-1.jpg\",\"width\":2560,\"height\":642,\"caption\":\"PIC\"},\"image\":{\"@id\":\"https:\/\/7picompany.com\/#\/schema\/logo\/image\/\"},\"sameAs\":[\"https:\/\/www.facebook.com\/Perfekt.Investment\",\"https:\/\/www.instagram.com\/perfekt.investment\/\"]}]}<\/script>\n<!-- \/ Yoast SEO plugin. -->","yoast_head_json":{"title":"e-konsultacja - PIC","robots":{"index":"index","follow":"follow","max-snippet":"max-snippet:-1","max-image-preview":"max-image-preview:large","max-video-preview":"max-video-preview:-1"},"canonical":"https:\/\/7picompany.com\/ua\/product\/e-konsultacja\/","og_locale":"uk_UA","og_type":"article","og_title":"e-konsultacja - PIC","og_description":"Doradztwo\u00a0 \u2013 jedna konsultacja online","og_url":"https:\/\/7picompany.com\/ua\/product\/e-konsultacja\/","og_site_name":"PIC","article_publisher":"https:\/\/www.facebook.com\/Perfekt.Investment","article_modified_time":"2025-01-06T12:56:37+00:00","og_image":[{"width":225,"height":225,"url":"https:\/\/7picompany.com\/wp-content\/uploads\/2025\/01\/doradca-finansowy.jpg","type":"image\/jpeg"}],"twitter_card":"summary_large_image","twitter_misc":{"\u041f\u0440\u0438\u0431\u043b. \u0447\u0430\u0441 \u0447\u0438\u0442\u0430\u043d\u043d\u044f":"1 \u0445\u0432\u0438\u043b\u0438\u043d\u0430"},"schema":{"@context":"https:\/\/schema.org","@graph":[{"@type":"WebPage","@id":"https:\/\/7picompany.com\/product\/e-konsultacja\/","url":"https:\/\/7picompany.com\/product\/e-konsultacja\/","name":"e-konsultacja - PIC","isPartOf":{"@id":"https:\/\/7picompany.com\/#website"},"primaryImageOfPage":{"@id":"https:\/\/7picompany.com\/product\/e-konsultacja\/#primaryimage"},"image":{"@id":"https:\/\/7picompany.com\/product\/e-konsultacja\/#primaryimage"},"thumbnailUrl":"https:\/\/7picompany.com\/wp-content\/uploads\/2025\/01\/doradca-finansowy.jpg","datePublished":"2025-01-06T12:37:06+00:00","dateModified":"2025-01-06T12:56:37+00:00","inLanguage":"uk","potentialAction":[{"@type":"ReadAction","target":["https:\/\/7picompany.com\/product\/e-konsultacja\/"]}]},{"@type":"ImageObject","inLanguage":"uk","@id":"https:\/\/7picompany.com\/product\/e-konsultacja\/#primaryimage","url":"https:\/\/7picompany.com\/wp-content\/uploads\/2025\/01\/doradca-finansowy.jpg","contentUrl":"https:\/\/7picompany.com\/wp-content\/uploads\/2025\/01\/doradca-finansowy.jpg","width":225,"height":225},{"@type":"WebSite","@id":"https:\/\/7picompany.com\/#website","url":"https:\/\/7picompany.com\/","name":"PIC","description":"PERFECT INVESTMENT COMPANY SP\u00d3\u0141KA Z OGRANICZON\u0104 ODPOWIEDZIALNO\u015aCI\u0104","publisher":{"@id":"https:\/\/7picompany.com\/#organization"},"potentialAction":[{"@type":"SearchAction","target":{"@type":"EntryPoint","urlTemplate":"https:\/\/7picompany.com\/?s={search_term_string}"},"query-input":{"@type":"PropertyValueSpecification","valueRequired":true,"valueName":"search_term_string"}}],"inLanguage":"uk"},{"@type":"Organization","@id":"https:\/\/7picompany.com\/#organization","name":"PIC","url":"https:\/\/7picompany.com\/","logo":{"@type":"ImageObject","inLanguage":"uk","@id":"https:\/\/7picompany.com\/#\/schema\/logo\/image\/","url":"https:\/\/7picompany.com\/wp-content\/uploads\/2021\/01\/cropped-Logo_RGB_1-scaled-1.jpg","contentUrl":"https:\/\/7picompany.com\/wp-content\/uploads\/2021\/01\/cropped-Logo_RGB_1-scaled-1.jpg","width":2560,"height":642,"caption":"PIC"},"image":{"@id":"https:\/\/7picompany.com\/#\/schema\/logo\/image\/"},"sameAs":["https:\/\/www.facebook.com\/Perfekt.Investment","https:\/\/www.instagram.com\/perfekt.investment\/"]}]}},"jetpack_sharing_enabled":true,"_links":{"self":[{"href":"https:\/\/7picompany.com\/ua\/wp-json\/wp\/v2\/product\/2282","targetHints":{"allow":["GET"]}}],"collection":[{"href":"https:\/\/7picompany.com\/ua\/wp-json\/wp\/v2\/product"}],"about":[{"href":"https:\/\/7picompany.com\/ua\/wp-json\/wp\/v2\/types\/product"}],"replies":[{"embeddable":true,"href":"https:\/\/7picompany.com\/ua\/wp-json\/wp\/v2\/comments?post=2282"}],"wp:featuredmedia":[{"embeddable":true,"href":"https:\/\/7picompany.com\/ua\/wp-json\/wp\/v2\/media\/2283"}],"wp:attachment":[{"href":"https:\/\/7picompany.com\/ua\/wp-json\/wp\/v2\/media?parent=2282"}],"wp:term":[{"taxonomy":"product_cat","embeddable":true,"href":"https:\/\/7picompany.com\/ua\/wp-json\/wp\/v2\/product_cat?post=2282"},{"taxonomy":"product_tag","embeddable":true,"href":"https:\/\/7picompany.com\/ua\/wp-json\/wp\/v2\/product_tag?post=2282"}],"curies":[{"name":"wp","href":"https:\/\/api.w.org\/{rel}","templated":true}]}}