{"id":219,"date":"2021-03-19T23:32:38","date_gmt":"2021-03-19T20:32:38","guid":{"rendered":"http:\/\/7picompany.com\/?page_id=219"},"modified":"2021-05-20T15:53:23","modified_gmt":"2021-05-20T12:53:23","slug":"thanks","status":"publish","type":"page","link":"https:\/\/7picompany.com\/ua\/thanks\/","title":{"rendered":"\u0421\u0442\u043e\u0440\u0456\u043d\u043a\u0430 \u043f\u043e\u0434\u044f\u043a\u0438 \u0440\u0435\u043c\u043e\u043d\u0442\u0438"},"content":{"rendered":"<div data-elementor-type=\"wp-page\" data-elementor-id=\"219\" class=\"elementor elementor-219\" data-elementor-post-type=\"page\">\n\t\t\t\t\t\t<section class=\"elementor-section elementor-top-section elementor-element elementor-element-67fe7669 elementor-section-boxed elementor-section-height-default elementor-section-height-default\" data-id=\"67fe7669\" data-element_type=\"section\" data-e-type=\"section\">\n\t\t\t\t\t\t<div class=\"elementor-container elementor-column-gap-default\">\n\t\t\t\t\t<div class=\"elementor-column elementor-col-100 elementor-top-column elementor-element elementor-element-2d76ef99\" data-id=\"2d76ef99\" data-element_type=\"column\" data-e-type=\"column\">\n\t\t\t<div class=\"elementor-widget-wrap elementor-element-populated\">\n\t\t\t\t\t\t<div class=\"elementor-element elementor-element-59b2cc3f elementor-widget elementor-widget-icon-box\" data-id=\"59b2cc3f\" data-element_type=\"widget\" data-e-type=\"widget\" data-widget_type=\"icon-box.default\">\n\t\t\t\t<div class=\"elementor-widget-container\">\n\t\t\t\t\t\t\t<div class=\"elementor-icon-box-wrapper\">\n\n\t\t\t\n\t\t\t\t\t\t<div class=\"elementor-icon-box-content\">\n\n\t\t\t\t\t\t\t\t\t<h3 class=\"elementor-icon-box-title\">\n\t\t\t\t\t\t<span  >\n\t\t\t\t\t\t\tDZI\u0118KUJEMY ZA ZG\u0141OSZENIE!\t\t\t\t\t\t<\/span>\n\t\t\t\t\t<\/h3>\n\t\t\t\t\n\t\t\t\t\t\t\t\t\t<p class=\"elementor-icon-box-description\">\n\t\t\t\t\t\tWkr\u00f3tce oddzwonimy. Nie chcesz czeka\u0107?\t\t\t\t\t<\/p>\n\t\t\t\t\n\t\t\t<\/div>\n\t\t\t\n\t\t<\/div>\n\t\t\t\t\t\t<\/div>\n\t\t\t\t<\/div>\n\t\t\t\t<section class=\"elementor-section elementor-inner-section elementor-element elementor-element-840f0a8 elementor-section-boxed elementor-section-height-default elementor-section-height-default\" data-id=\"840f0a8\" data-element_type=\"section\" data-e-type=\"section\">\n\t\t\t\t\t\t<div class=\"elementor-container elementor-column-gap-default\">\n\t\t\t\t\t<div class=\"elementor-column elementor-col-100 elementor-inner-column elementor-element elementor-element-6a3c04b2\" data-id=\"6a3c04b2\" data-element_type=\"column\" data-e-type=\"column\">\n\t\t\t<div class=\"elementor-widget-wrap elementor-element-populated\">\n\t\t\t\t\t\t<div class=\"elementor-element elementor-element-4d66e81d elementor-align-center elementor-absolute elementor-widget elementor-widget-button\" data-id=\"4d66e81d\" data-element_type=\"widget\" data-e-type=\"widget\" data-settings=\"{&quot;_position&quot;:&quot;absolute&quot;}\" data-widget_type=\"button.default\">\n\t\t\t\t<div class=\"elementor-widget-container\">\n\t\t\t\t\t\t\t\t\t<div class=\"elementor-button-wrapper\">\n\t\t\t\t\t<a class=\"elementor-button elementor-button-link elementor-size-sm\" href=\"tel:+48784141777\">\n\t\t\t\t\t\t<span class=\"elementor-button-content-wrapper\">\n\t\t\t\t\t\t\t\t\t<span class=\"elementor-button-text\">+48 784 141 777<\/span>\n\t\t\t\t\t<\/span>\n\t\t\t\t\t<\/a>\n\t\t\t\t<\/div>\n\t\t\t\t\t\t\t\t<\/div>\n\t\t\t\t<\/div>\n\t\t\t\t\t<\/div>\n\t\t<\/div>\n\t\t\t\t\t<\/div>\n\t\t<\/section>\n\t\t\t\t\t<\/div>\n\t\t<\/div>\n\t\t\t\t\t<\/div>\n\t\t<\/section>\n\t\t\t\t<\/div>","protected":false},"excerpt":{"rendered":"<div class=\"wpm_excerpt clearfix\"><p>DZI\u0118KUJEMY ZA ZG\u0141OSZENIE! Wkr\u00f3tce oddzwonimy. Nie chcesz czeka\u0107? +48 784 141 777<\/p>\n<\/div>","protected":false},"author":4,"featured_media":0,"parent":0,"menu_order":0,"comment_status":"closed","ping_status":"closed","template":"elementor_canvas","meta":{"footnotes":""},"class_list":["post-219","page","type-page","status-publish","hentry"],"yoast_head":"<!-- This site is optimized with the Yoast SEO plugin v26.8 - https:\/\/yoast.com\/product\/yoast-seo-wordpress\/ -->\n<title>\u0421\u0442\u043e\u0440\u0456\u043d\u043a\u0430 \u043f\u043e\u0434\u044f\u043a\u0438 \u0440\u0435\u043c\u043e\u043d\u0442\u0438 - PIC<\/title>\n<meta name=\"robots\" content=\"index, follow, max-snippet:-1, max-image-preview:large, max-video-preview:-1\" \/>\n<link rel=\"canonical\" href=\"https:\/\/7picompany.com\/ua\/thanks\/\" \/>\n<meta property=\"og:locale\" content=\"uk_UA\" \/>\n<meta property=\"og:type\" content=\"article\" \/>\n<meta property=\"og:title\" content=\"\u0421\u0442\u043e\u0440\u0456\u043d\u043a\u0430 \u043f\u043e\u0434\u044f\u043a\u0438 \u0440\u0435\u043c\u043e\u043d\u0442\u0438 - PIC\" \/>\n<meta property=\"og:description\" content=\"DZI\u0118KUJEMY ZA ZG\u0141OSZENIE! Wkr\u00f3tce oddzwonimy. Nie chcesz czeka\u0107? +48 784 141 777\" \/>\n<meta property=\"og:url\" content=\"https:\/\/7picompany.com\/ua\/thanks\/\" \/>\n<meta property=\"og:site_name\" content=\"PIC\" \/>\n<meta property=\"article:publisher\" content=\"https:\/\/www.facebook.com\/Perfekt.Investment\" \/>\n<meta property=\"article:modified_time\" content=\"2021-05-20T12:53:23+00:00\" \/>\n<meta name=\"twitter:card\" content=\"summary_large_image\" \/>\n<meta name=\"twitter:label1\" content=\"\u041f\u0440\u0438\u0431\u043b. \u0447\u0430\u0441 \u0447\u0438\u0442\u0430\u043d\u043d\u044f\" \/>\n\t<meta name=\"twitter:data1\" content=\"1 \u0445\u0432\u0438\u043b\u0438\u043d\u0430\" \/>\n<script type=\"application\/ld+json\" class=\"yoast-schema-graph\">{\"@context\":\"https:\/\/schema.org\",\"@graph\":[{\"@type\":\"WebPage\",\"@id\":\"https:\/\/7picompany.com\/thanks\/\",\"url\":\"https:\/\/7picompany.com\/thanks\/\",\"name\":\"\u0421\u0442\u043e\u0440\u0456\u043d\u043a\u0430 \u043f\u043e\u0434\u044f\u043a\u0438 \u0440\u0435\u043c\u043e\u043d\u0442\u0438 - PIC\",\"isPartOf\":{\"@id\":\"https:\/\/7picompany.com\/#website\"},\"datePublished\":\"2021-03-19T20:32:38+00:00\",\"dateModified\":\"2021-05-20T12:53:23+00:00\",\"inLanguage\":\"uk\",\"potentialAction\":[{\"@type\":\"ReadAction\",\"target\":[\"https:\/\/7picompany.com\/thanks\/\"]}]},{\"@type\":\"WebSite\",\"@id\":\"https:\/\/7picompany.com\/#website\",\"url\":\"https:\/\/7picompany.com\/\",\"name\":\"PIC\",\"description\":\"PERFECT INVESTMENT COMPANY SP\u00d3\u0141KA Z OGRANICZON\u0104 ODPOWIEDZIALNO\u015aCI\u0104\",\"publisher\":{\"@id\":\"https:\/\/7picompany.com\/#organization\"},\"potentialAction\":[{\"@type\":\"SearchAction\",\"target\":{\"@type\":\"EntryPoint\",\"urlTemplate\":\"https:\/\/7picompany.com\/?s={search_term_string}\"},\"query-input\":{\"@type\":\"PropertyValueSpecification\",\"valueRequired\":true,\"valueName\":\"search_term_string\"}}],\"inLanguage\":\"uk\"},{\"@type\":\"Organization\",\"@id\":\"https:\/\/7picompany.com\/#organization\",\"name\":\"PIC\",\"url\":\"https:\/\/7picompany.com\/\",\"logo\":{\"@type\":\"ImageObject\",\"inLanguage\":\"uk\",\"@id\":\"https:\/\/7picompany.com\/#\/schema\/logo\/image\/\",\"url\":\"https:\/\/7picompany.com\/wp-content\/uploads\/2021\/01\/cropped-Logo_RGB_1-scaled-1.jpg\",\"contentUrl\":\"https:\/\/7picompany.com\/wp-content\/uploads\/2021\/01\/cropped-Logo_RGB_1-scaled-1.jpg\",\"width\":2560,\"height\":642,\"caption\":\"PIC\"},\"image\":{\"@id\":\"https:\/\/7picompany.com\/#\/schema\/logo\/image\/\"},\"sameAs\":[\"https:\/\/www.facebook.com\/Perfekt.Investment\",\"https:\/\/www.instagram.com\/perfekt.investment\/\"]}]}<\/script>\n<!-- \/ Yoast SEO plugin. -->","yoast_head_json":{"title":"\u0421\u0442\u043e\u0440\u0456\u043d\u043a\u0430 \u043f\u043e\u0434\u044f\u043a\u0438 \u0440\u0435\u043c\u043e\u043d\u0442\u0438 - PIC","robots":{"index":"index","follow":"follow","max-snippet":"max-snippet:-1","max-image-preview":"max-image-preview:large","max-video-preview":"max-video-preview:-1"},"canonical":"https:\/\/7picompany.com\/ua\/thanks\/","og_locale":"uk_UA","og_type":"article","og_title":"\u0421\u0442\u043e\u0440\u0456\u043d\u043a\u0430 \u043f\u043e\u0434\u044f\u043a\u0438 \u0440\u0435\u043c\u043e\u043d\u0442\u0438 - PIC","og_description":"DZI\u0118KUJEMY ZA ZG\u0141OSZENIE! Wkr\u00f3tce oddzwonimy. Nie chcesz czeka\u0107? +48 784 141 777","og_url":"https:\/\/7picompany.com\/ua\/thanks\/","og_site_name":"PIC","article_publisher":"https:\/\/www.facebook.com\/Perfekt.Investment","article_modified_time":"2021-05-20T12:53:23+00:00","twitter_card":"summary_large_image","twitter_misc":{"\u041f\u0440\u0438\u0431\u043b. \u0447\u0430\u0441 \u0447\u0438\u0442\u0430\u043d\u043d\u044f":"1 \u0445\u0432\u0438\u043b\u0438\u043d\u0430"},"schema":{"@context":"https:\/\/schema.org","@graph":[{"@type":"WebPage","@id":"https:\/\/7picompany.com\/thanks\/","url":"https:\/\/7picompany.com\/thanks\/","name":"\u0421\u0442\u043e\u0440\u0456\u043d\u043a\u0430 \u043f\u043e\u0434\u044f\u043a\u0438 \u0440\u0435\u043c\u043e\u043d\u0442\u0438 - PIC","isPartOf":{"@id":"https:\/\/7picompany.com\/#website"},"datePublished":"2021-03-19T20:32:38+00:00","dateModified":"2021-05-20T12:53:23+00:00","inLanguage":"uk","potentialAction":[{"@type":"ReadAction","target":["https:\/\/7picompany.com\/thanks\/"]}]},{"@type":"WebSite","@id":"https:\/\/7picompany.com\/#website","url":"https:\/\/7picompany.com\/","name":"PIC","description":"PERFECT INVESTMENT COMPANY SP\u00d3\u0141KA Z OGRANICZON\u0104 ODPOWIEDZIALNO\u015aCI\u0104","publisher":{"@id":"https:\/\/7picompany.com\/#organization"},"potentialAction":[{"@type":"SearchAction","target":{"@type":"EntryPoint","urlTemplate":"https:\/\/7picompany.com\/?s={search_term_string}"},"query-input":{"@type":"PropertyValueSpecification","valueRequired":true,"valueName":"search_term_string"}}],"inLanguage":"uk"},{"@type":"Organization","@id":"https:\/\/7picompany.com\/#organization","name":"PIC","url":"https:\/\/7picompany.com\/","logo":{"@type":"ImageObject","inLanguage":"uk","@id":"https:\/\/7picompany.com\/#\/schema\/logo\/image\/","url":"https:\/\/7picompany.com\/wp-content\/uploads\/2021\/01\/cropped-Logo_RGB_1-scaled-1.jpg","contentUrl":"https:\/\/7picompany.com\/wp-content\/uploads\/2021\/01\/cropped-Logo_RGB_1-scaled-1.jpg","width":2560,"height":642,"caption":"PIC"},"image":{"@id":"https:\/\/7picompany.com\/#\/schema\/logo\/image\/"},"sameAs":["https:\/\/www.facebook.com\/Perfekt.Investment","https:\/\/www.instagram.com\/perfekt.investment\/"]}]}},"jetpack_sharing_enabled":true,"_links":{"self":[{"href":"https:\/\/7picompany.com\/ua\/wp-json\/wp\/v2\/pages\/219","targetHints":{"allow":["GET"]}}],"collection":[{"href":"https:\/\/7picompany.com\/ua\/wp-json\/wp\/v2\/pages"}],"about":[{"href":"https:\/\/7picompany.com\/ua\/wp-json\/wp\/v2\/types\/page"}],"author":[{"embeddable":true,"href":"https:\/\/7picompany.com\/ua\/wp-json\/wp\/v2\/users\/4"}],"replies":[{"embeddable":true,"href":"https:\/\/7picompany.com\/ua\/wp-json\/wp\/v2\/comments?post=219"}],"version-history":[{"count":19,"href":"https:\/\/7picompany.com\/ua\/wp-json\/wp\/v2\/pages\/219\/revisions"}],"predecessor-version":[{"id":1028,"href":"https:\/\/7picompany.com\/ua\/wp-json\/wp\/v2\/pages\/219\/revisions\/1028"}],"wp:attachment":[{"href":"https:\/\/7picompany.com\/ua\/wp-json\/wp\/v2\/media?parent=219"}],"curies":[{"name":"wp","href":"https:\/\/api.w.org\/{rel}","templated":true}]}}