{"id":21,"date":"2020-12-28T11:12:06","date_gmt":"2020-12-28T08:12:06","guid":{"rendered":"http:\/\/7picompany.com\/?page_id=21"},"modified":"2021-04-02T14:54:07","modified_gmt":"2021-04-02T11:54:07","slug":"work","status":"publish","type":"page","link":"https:\/\/7picompany.com\/ua\/work\/","title":{"rendered":"Work old"},"content":{"rendered":"<div class=\"header-h1 header-h1-dark\">\n  <h1>Wakaty<\/h1>\n<\/div>\n\n<br>\n\n<div class=\"hidemob\">\n<center><img decoding=\"async\" src=\"\/img\/c1a9532e3753ccd98ec02e35c89f6de9.jpg\" style=\"max-width:400px;\"><\/center>\n\n<br>\n<div style=\"width:550px;text-align:left;font-size:19px;color:#000;\">\n<b>Praca wymaga:<\/b>\n<br><br>\nMallary\n<br>\nSpawacze\n<br>\n<b style=\"font-size:24px;color:#DF3032;\">Kontakt telefoniczny +48 78 41 41 777<\/b>\n<\/div>\n<\/div>\n\n\n\n\n<div class=\"hidepc\">\n<center><img decoding=\"async\" src=\"\/img\/c1a9532e3753ccd98ec02e35c89f6de9.jpg\" width=\"330\"><\/center>\n\n<br>\n<div style=\"width:340px;text-align:left;font-size:19px;color:#000;padding:10px;\">\n<b>Praca wymaga:<\/b>\n<br><br>\nMallary\n<br>\nSpawacze\n<br>\n<b style=\"font-size:24px;color:#DF3032;\">Kontakt telefoniczny +333333333<\/b>\n<\/div>\n<\/div>\n\n<br>\n\n<div class=\"hidemob\">\n<center>\n\n<div style=\"border-radius:5px;width:650px;height:auto;background:#191E23;padding:15px;padding-top:35px;\">\n\n<h1 style=\"color:#fff;\">Wype\u0142ni\u0107 formularz<\/h1>\n\n<form action=\"\/send_work.php\" method=\"post\" data-trp-original-action=\"\/send_work.php\">\n\n<b style=\"color:#DF3032;font-size:16px;\">\u0406\u043c'\u044f \u0442\u0430 \u041f\u0440\u0438\u0437\u0432\u0438\u0449\u0435<\/b>\n<br>\n<input type=\"text\" style=\"background:#fff;border-radius:5px;width:260px;height:38px;\" name=\"fio\">\n<br><br>\n<b style=\"color:#DF3032;font-size:16px;\">Adres zamieszkania<\/b>\n<br>\n<input type=\"text\" style=\"background:#fff;border-radius:5px;width:260px;height:38px;\" name=\"adress\">\n<br><br>\n<b style=\"color:#DF3032;font-size:16px;\">Edukacja<\/b>\n<br>\n<input type=\"text\" style=\"background:#fff;border-radius:5px;width:260px;height:38px;\" name=\"obr\">\n<br><br>\n<b style=\"color:#DF3032;font-size:16px;\">\u0421\u043f\u0435\u0446\u0456\u0430\u043b\u044c\u043d\u0456\u0441\u0442\u044c<\/b>\n<br>\n<input type=\"text\" style=\"background:#fff;border-radius:5px;width:260px;height:38px;\" name=\"spec\">\n<br><br>\n<b style=\"color:#DF3032;font-size:16px;\">Telefon<\/b>\n<br>\n<input type=\"text\" style=\"background:#fff;border-radius:5px;width:260px;height:38px;\" name=\"tel\">\n<br><br>\n<button type=\"submit\" style=\"background:#DF3032;border-radius:5px;width:260px;height:38px;\">Wy\u015blij wiadomo\u015b\u0107<\/button>\n\n\n<input type=\"hidden\" name=\"trp-form-language\" value=\"ua\"\/><\/form>\n\n<\/div>\n\n<\/center>\n<\/div>\n\n<div class=\"hidepc\">\n<center>\n\n<div style=\"border-radius:5px;width:340px;height:auto;background:#191E23;padding:15px;padding-top:35px;\">\n\n<h1 style=\"color:#fff;\">Wype\u0142ni\u0107 formularz<\/h1>\n\n<form action=\"\/send_work.php\" method=\"post\" data-trp-original-action=\"\/send_work.php\">\n\n<b style=\"color:#DF3032;font-size:16px;\">\u0406\u043c'\u044f \u0442\u0430 \u041f\u0440\u0438\u0437\u0432\u0438\u0449\u0435<\/b>\n<br>\n<input type=\"text\" style=\"background:#fff;border-radius:5px;width:260px;height:38px;\" name=\"fio\">\n<br><br>\n<b style=\"color:#DF3032;font-size:16px;\">Adres zamieszkania<\/b>\n<br>\n<input type=\"text\" style=\"background:#fff;border-radius:5px;width:260px;height:38px;\" name=\"adress\">\n<br><br>\n<b style=\"color:#DF3032;font-size:16px;\">Edukacja<\/b>\n<br>\n<input type=\"text\" style=\"background:#fff;border-radius:5px;width:260px;height:38px;\" name=\"obr\">\n<br><br>\n<b style=\"color:#DF3032;font-size:16px;\">\u0421\u043f\u0435\u0446\u0456\u0430\u043b\u044c\u043d\u0456\u0441\u0442\u044c<\/b>\n<br>\n<input type=\"text\" style=\"background:#fff;border-radius:5px;width:260px;height:38px;\" name=\"spec\">\n<br><br>\n<b style=\"color:#DF3032;font-size:16px;\">Telefon<\/b>\n<br>\n<input type=\"text\" style=\"background:#fff;border-radius:5px;width:260px;height:38px;\" name=\"tel\">\n<br><br>\n<button type=\"submit\" style=\"background:#DF3032;border-radius:5px;width:260px;height:38px;\">Wy\u015blij wiadomo\u015b\u0107<\/button>\n\n\n<input type=\"hidden\" name=\"trp-form-language\" value=\"ua\"\/><\/form>\n\n<\/div>\n\n<\/center>\n<\/div>","protected":false},"excerpt":{"rendered":"<div class=\"wpm_excerpt clearfix\"><p>Wakaty Praca wymaga: Mallary Spawacze Kontakt telefoniczny +48 78 41 41 777 Praca wymaga: Mallary Spawacze Kontakt telefoniczny +333333333 Wype\u0142ni\u0107 formularz Imi\u0119 i nazwisko Adres zamieszkania &hellip;<\/p>\n<\/div>","protected":false},"author":4,"featured_media":0,"parent":0,"menu_order":0,"comment_status":"closed","ping_status":"closed","template":"","meta":{"footnotes":""},"class_list":["post-21","page","type-page","status-publish","hentry"],"yoast_head":"<!-- This site is optimized with the Yoast SEO plugin v26.8 - https:\/\/yoast.com\/product\/yoast-seo-wordpress\/ -->\n<title>Work old - PIC<\/title>\n<meta name=\"robots\" content=\"index, follow, max-snippet:-1, max-image-preview:large, max-video-preview:-1\" \/>\n<link rel=\"canonical\" href=\"https:\/\/7picompany.com\/ua\/work\/\" \/>\n<meta property=\"og:locale\" content=\"uk_UA\" \/>\n<meta property=\"og:type\" content=\"article\" \/>\n<meta property=\"og:title\" content=\"Work old - PIC\" \/>\n<meta property=\"og:description\" content=\"Wakaty Praca wymaga: Mallary Spawacze Kontakt telefoniczny +48 78 41 41 777 Praca wymaga: Mallary Spawacze Kontakt telefoniczny +333333333 Wype\u0142ni\u0107 formularz Imi\u0119 i nazwisko Adres zamieszkania &hellip;\" \/>\n<meta property=\"og:url\" content=\"https:\/\/7picompany.com\/ua\/work\/\" \/>\n<meta property=\"og:site_name\" content=\"PIC\" \/>\n<meta property=\"article:publisher\" content=\"https:\/\/www.facebook.com\/Perfekt.Investment\" \/>\n<meta property=\"article:modified_time\" content=\"2021-04-02T11:54:07+00:00\" \/>\n<meta property=\"og:image\" content=\"https:\/\/7picompany.com\/img\/c1a9532e3753ccd98ec02e35c89f6de9.jpg\" \/>\n<meta name=\"twitter:card\" content=\"summary_large_image\" \/>\n<meta name=\"twitter:label1\" content=\"\u041f\u0440\u0438\u0431\u043b. \u0447\u0430\u0441 \u0447\u0438\u0442\u0430\u043d\u043d\u044f\" \/>\n\t<meta name=\"twitter:data1\" content=\"1 \u0445\u0432\u0438\u043b\u0438\u043d\u0430\" \/>\n<script type=\"application\/ld+json\" class=\"yoast-schema-graph\">{\"@context\":\"https:\/\/schema.org\",\"@graph\":[{\"@type\":\"WebPage\",\"@id\":\"https:\/\/7picompany.com\/work\/\",\"url\":\"https:\/\/7picompany.com\/work\/\",\"name\":\"Work old - PIC\",\"isPartOf\":{\"@id\":\"https:\/\/7picompany.com\/#website\"},\"datePublished\":\"2020-12-28T08:12:06+00:00\",\"dateModified\":\"2021-04-02T11:54:07+00:00\",\"inLanguage\":\"uk\",\"potentialAction\":[{\"@type\":\"ReadAction\",\"target\":[\"https:\/\/7picompany.com\/work\/\"]}]},{\"@type\":\"WebSite\",\"@id\":\"https:\/\/7picompany.com\/#website\",\"url\":\"https:\/\/7picompany.com\/\",\"name\":\"PIC\",\"description\":\"PERFECT INVESTMENT COMPANY SP\u00d3\u0141KA Z OGRANICZON\u0104 ODPOWIEDZIALNO\u015aCI\u0104\",\"publisher\":{\"@id\":\"https:\/\/7picompany.com\/#organization\"},\"potentialAction\":[{\"@type\":\"SearchAction\",\"target\":{\"@type\":\"EntryPoint\",\"urlTemplate\":\"https:\/\/7picompany.com\/?s={search_term_string}\"},\"query-input\":{\"@type\":\"PropertyValueSpecification\",\"valueRequired\":true,\"valueName\":\"search_term_string\"}}],\"inLanguage\":\"uk\"},{\"@type\":\"Organization\",\"@id\":\"https:\/\/7picompany.com\/#organization\",\"name\":\"PIC\",\"url\":\"https:\/\/7picompany.com\/\",\"logo\":{\"@type\":\"ImageObject\",\"inLanguage\":\"uk\",\"@id\":\"https:\/\/7picompany.com\/#\/schema\/logo\/image\/\",\"url\":\"https:\/\/7picompany.com\/wp-content\/uploads\/2021\/01\/cropped-Logo_RGB_1-scaled-1.jpg\",\"contentUrl\":\"https:\/\/7picompany.com\/wp-content\/uploads\/2021\/01\/cropped-Logo_RGB_1-scaled-1.jpg\",\"width\":2560,\"height\":642,\"caption\":\"PIC\"},\"image\":{\"@id\":\"https:\/\/7picompany.com\/#\/schema\/logo\/image\/\"},\"sameAs\":[\"https:\/\/www.facebook.com\/Perfekt.Investment\",\"https:\/\/www.instagram.com\/perfekt.investment\/\"]}]}<\/script>\n<!-- \/ Yoast SEO plugin. -->","yoast_head_json":{"title":"Work old - PIC","robots":{"index":"index","follow":"follow","max-snippet":"max-snippet:-1","max-image-preview":"max-image-preview:large","max-video-preview":"max-video-preview:-1"},"canonical":"https:\/\/7picompany.com\/ua\/work\/","og_locale":"uk_UA","og_type":"article","og_title":"Work old - PIC","og_description":"Wakaty Praca wymaga: Mallary Spawacze Kontakt telefoniczny +48 78 41 41 777 Praca wymaga: Mallary Spawacze Kontakt telefoniczny +333333333 Wype\u0142ni\u0107 formularz Imi\u0119 i nazwisko Adres zamieszkania &hellip;","og_url":"https:\/\/7picompany.com\/ua\/work\/","og_site_name":"PIC","article_publisher":"https:\/\/www.facebook.com\/Perfekt.Investment","article_modified_time":"2021-04-02T11:54:07+00:00","og_image":[{"url":"https:\/\/7picompany.com\/img\/c1a9532e3753ccd98ec02e35c89f6de9.jpg","type":"","width":"","height":""}],"twitter_card":"summary_large_image","twitter_misc":{"\u041f\u0440\u0438\u0431\u043b. \u0447\u0430\u0441 \u0447\u0438\u0442\u0430\u043d\u043d\u044f":"1 \u0445\u0432\u0438\u043b\u0438\u043d\u0430"},"schema":{"@context":"https:\/\/schema.org","@graph":[{"@type":"WebPage","@id":"https:\/\/7picompany.com\/work\/","url":"https:\/\/7picompany.com\/work\/","name":"Work old - PIC","isPartOf":{"@id":"https:\/\/7picompany.com\/#website"},"datePublished":"2020-12-28T08:12:06+00:00","dateModified":"2021-04-02T11:54:07+00:00","inLanguage":"uk","potentialAction":[{"@type":"ReadAction","target":["https:\/\/7picompany.com\/work\/"]}]},{"@type":"WebSite","@id":"https:\/\/7picompany.com\/#website","url":"https:\/\/7picompany.com\/","name":"PIC","description":"PERFECT INVESTMENT COMPANY SP\u00d3\u0141KA Z OGRANICZON\u0104 ODPOWIEDZIALNO\u015aCI\u0104","publisher":{"@id":"https:\/\/7picompany.com\/#organization"},"potentialAction":[{"@type":"SearchAction","target":{"@type":"EntryPoint","urlTemplate":"https:\/\/7picompany.com\/?s={search_term_string}"},"query-input":{"@type":"PropertyValueSpecification","valueRequired":true,"valueName":"search_term_string"}}],"inLanguage":"uk"},{"@type":"Organization","@id":"https:\/\/7picompany.com\/#organization","name":"PIC","url":"https:\/\/7picompany.com\/","logo":{"@type":"ImageObject","inLanguage":"uk","@id":"https:\/\/7picompany.com\/#\/schema\/logo\/image\/","url":"https:\/\/7picompany.com\/wp-content\/uploads\/2021\/01\/cropped-Logo_RGB_1-scaled-1.jpg","contentUrl":"https:\/\/7picompany.com\/wp-content\/uploads\/2021\/01\/cropped-Logo_RGB_1-scaled-1.jpg","width":2560,"height":642,"caption":"PIC"},"image":{"@id":"https:\/\/7picompany.com\/#\/schema\/logo\/image\/"},"sameAs":["https:\/\/www.facebook.com\/Perfekt.Investment","https:\/\/www.instagram.com\/perfekt.investment\/"]}]}},"jetpack_sharing_enabled":true,"_links":{"self":[{"href":"https:\/\/7picompany.com\/ua\/wp-json\/wp\/v2\/pages\/21","targetHints":{"allow":["GET"]}}],"collection":[{"href":"https:\/\/7picompany.com\/ua\/wp-json\/wp\/v2\/pages"}],"about":[{"href":"https:\/\/7picompany.com\/ua\/wp-json\/wp\/v2\/types\/page"}],"author":[{"embeddable":true,"href":"https:\/\/7picompany.com\/ua\/wp-json\/wp\/v2\/users\/4"}],"replies":[{"embeddable":true,"href":"https:\/\/7picompany.com\/ua\/wp-json\/wp\/v2\/comments?post=21"}],"version-history":[{"count":22,"href":"https:\/\/7picompany.com\/ua\/wp-json\/wp\/v2\/pages\/21\/revisions"}],"predecessor-version":[{"id":470,"href":"https:\/\/7picompany.com\/ua\/wp-json\/wp\/v2\/pages\/21\/revisions\/470"}],"wp:attachment":[{"href":"https:\/\/7picompany.com\/ua\/wp-json\/wp\/v2\/media?parent=21"}],"curies":[{"name":"wp","href":"https:\/\/api.w.org\/{rel}","templated":true}]}}