{"id":19,"date":"2020-12-28T11:11:42","date_gmt":"2020-12-28T08:11:42","guid":{"rendered":"http:\/\/7picompany.com\/?page_id=19"},"modified":"2025-01-22T16:39:20","modified_gmt":"2025-01-22T14:39:20","slug":"contacts","status":"publish","type":"page","link":"https:\/\/7picompany.com\/ua\/contacts\/","title":{"rendered":"Contacts"},"content":{"rendered":"<div data-elementor-type=\"wp-page\" data-elementor-id=\"19\" class=\"elementor elementor-19\" data-elementor-post-type=\"page\">\n\t\t\t\t<section class=\"elementor-section elementor-top-section elementor-element elementor-element-77cc89c5 elementor-section-boxed elementor-section-height-default elementor-section-height-default\" data-id=\"77cc89c5\" data-element_type=\"section\" data-e-type=\"section\">\n\t\t\t\t\t\t<div class=\"elementor-container elementor-column-gap-default\">\n\t\t\t\t\t<div class=\"elementor-column elementor-col-100 elementor-top-column elementor-element elementor-element-3e25ffcc\" data-id=\"3e25ffcc\" data-element_type=\"column\" data-e-type=\"column\">\n\t\t\t<div class=\"elementor-widget-wrap elementor-element-populated\">\n\t\t\t\t\t\t<div class=\"elementor-element elementor-element-1435d0f1 elementor-widget elementor-widget-text-editor\" data-id=\"1435d0f1\" data-element_type=\"widget\" data-e-type=\"widget\" data-widget_type=\"text-editor.default\">\n\t\t\t\t<div class=\"elementor-widget-container\"><p>\u00a0<\/p>\n<div class=\"header-h1 header-h1-dark\">\n<h1>\u0417\u0412'\u042f\u0416\u0406\u0422\u042c\u0421\u042f \u0417 \u041d\u0410\u041c\u0418<\/h1>\n<br \/><br \/><\/div>\n<div style=\"display: inline-block; vertical-align: top;\"><img decoding=\"async\" src=\"\/img\/aafb05bac07b063d1194b82e721a938d.png\" \/><\/div>\n<div style=\"display: inline-block; vertical-align: top;\"><form action=\"\/send.php\" method=\"post\" data-trp-original-action=\"\/send.php\"><input style=\"width: 260px; height: 40px; background: #EFEFEF; border-radius: 6px;\" name=\"fio\" type=\"text\" placeholder=\"\u0412\u0430\u0448\u0435 \u0456\u043c&#039;\u044f\" \/><br \/><br \/><input style=\"width: 260px; height: 40px; background: #EFEFEF; border-radius: 6px;\" name=\"tel\" type=\"text\" placeholder=\"Telefon\" \/><br \/><br \/><input style=\"width: 260px; height: 40px; background: #EFEFEF; border-radius: 6px;\" name=\"email\" type=\"text\" placeholder=\"E-mail\" \/><br \/><br \/><textarea style=\"width: 260px; height: 80px; background: #EFEFEF; border-radius: 6px;\" name=\"text\" placeholder=\"\u041f\u043e\u0432\u0456\u0434\u043e\u043c\u043b\u0435\u043d\u043d\u044f\"><\/textarea> <br \/><button style=\"background: #DF3032; color: #fff; width: 260px; height: 40px; text-align: center; border-radius: 6px; border: none;\" type=\"submit\">Wy\u015blij wiadomo\u015b\u0107<\/button><input type=\"hidden\" name=\"trp-form-language\" value=\"ua\"\/><\/form><\/div><\/div>\n\t\t\t\t<\/div>\n\t\t\t\t\t<\/div>\n\t\t<\/div>\n\t\t\t\t\t<\/div>\n\t\t<\/section>\t\t<\/div>","protected":false},"excerpt":{"rendered":"<div class=\"wpm_excerpt clearfix\"><p>SKONTAKTUJ SI\u0118 Z NAMI Wy\u015blij wiadomo\u015b\u0107<\/p>\n<\/div>","protected":false},"author":4,"featured_media":0,"parent":0,"menu_order":0,"comment_status":"closed","ping_status":"closed","template":"","meta":{"footnotes":""},"class_list":["post-19","page","type-page","status-publish","hentry"],"yoast_head":"<!-- This site is optimized with the Yoast SEO plugin v26.8 - https:\/\/yoast.com\/product\/yoast-seo-wordpress\/ -->\n<title>Contacts - PIC<\/title>\n<meta name=\"robots\" content=\"index, follow, max-snippet:-1, max-image-preview:large, max-video-preview:-1\" \/>\n<link rel=\"canonical\" href=\"https:\/\/7picompany.com\/ua\/contacts\/\" \/>\n<meta property=\"og:locale\" content=\"uk_UA\" \/>\n<meta property=\"og:type\" content=\"article\" \/>\n<meta property=\"og:title\" content=\"Contacts - PIC\" \/>\n<meta property=\"og:description\" content=\"SKONTAKTUJ SI\u0118 Z NAMI Wy\u015blij wiadomo\u015b\u0107\" \/>\n<meta property=\"og:url\" content=\"https:\/\/7picompany.com\/ua\/contacts\/\" \/>\n<meta property=\"og:site_name\" content=\"PIC\" \/>\n<meta property=\"article:publisher\" content=\"https:\/\/www.facebook.com\/Perfekt.Investment\" \/>\n<meta property=\"article:modified_time\" content=\"2025-01-22T14:39:20+00:00\" \/>\n<meta name=\"twitter:card\" content=\"summary_large_image\" \/>\n<meta name=\"twitter:label1\" content=\"\u041f\u0440\u0438\u0431\u043b. \u0447\u0430\u0441 \u0447\u0438\u0442\u0430\u043d\u043d\u044f\" \/>\n\t<meta name=\"twitter:data1\" content=\"1 \u0445\u0432\u0438\u043b\u0438\u043d\u0430\" \/>\n<script type=\"application\/ld+json\" class=\"yoast-schema-graph\">{\"@context\":\"https:\/\/schema.org\",\"@graph\":[{\"@type\":\"WebPage\",\"@id\":\"https:\/\/7picompany.com\/contacts\/\",\"url\":\"https:\/\/7picompany.com\/contacts\/\",\"name\":\"Contacts - PIC\",\"isPartOf\":{\"@id\":\"https:\/\/7picompany.com\/#website\"},\"datePublished\":\"2020-12-28T08:11:42+00:00\",\"dateModified\":\"2025-01-22T14:39:20+00:00\",\"inLanguage\":\"uk\",\"potentialAction\":[{\"@type\":\"ReadAction\",\"target\":[\"https:\/\/7picompany.com\/contacts\/\"]}]},{\"@type\":\"WebSite\",\"@id\":\"https:\/\/7picompany.com\/#website\",\"url\":\"https:\/\/7picompany.com\/\",\"name\":\"PIC\",\"description\":\"PERFECT INVESTMENT COMPANY SP\u00d3\u0141KA Z OGRANICZON\u0104 ODPOWIEDZIALNO\u015aCI\u0104\",\"publisher\":{\"@id\":\"https:\/\/7picompany.com\/#organization\"},\"potentialAction\":[{\"@type\":\"SearchAction\",\"target\":{\"@type\":\"EntryPoint\",\"urlTemplate\":\"https:\/\/7picompany.com\/?s={search_term_string}\"},\"query-input\":{\"@type\":\"PropertyValueSpecification\",\"valueRequired\":true,\"valueName\":\"search_term_string\"}}],\"inLanguage\":\"uk\"},{\"@type\":\"Organization\",\"@id\":\"https:\/\/7picompany.com\/#organization\",\"name\":\"PIC\",\"url\":\"https:\/\/7picompany.com\/\",\"logo\":{\"@type\":\"ImageObject\",\"inLanguage\":\"uk\",\"@id\":\"https:\/\/7picompany.com\/#\/schema\/logo\/image\/\",\"url\":\"https:\/\/7picompany.com\/wp-content\/uploads\/2021\/01\/cropped-Logo_RGB_1-scaled-1.jpg\",\"contentUrl\":\"https:\/\/7picompany.com\/wp-content\/uploads\/2021\/01\/cropped-Logo_RGB_1-scaled-1.jpg\",\"width\":2560,\"height\":642,\"caption\":\"PIC\"},\"image\":{\"@id\":\"https:\/\/7picompany.com\/#\/schema\/logo\/image\/\"},\"sameAs\":[\"https:\/\/www.facebook.com\/Perfekt.Investment\",\"https:\/\/www.instagram.com\/perfekt.investment\/\"]}]}<\/script>\n<!-- \/ Yoast SEO plugin. -->","yoast_head_json":{"title":"Contacts - PIC","robots":{"index":"index","follow":"follow","max-snippet":"max-snippet:-1","max-image-preview":"max-image-preview:large","max-video-preview":"max-video-preview:-1"},"canonical":"https:\/\/7picompany.com\/ua\/contacts\/","og_locale":"uk_UA","og_type":"article","og_title":"Contacts - PIC","og_description":"SKONTAKTUJ SI\u0118 Z NAMI Wy\u015blij wiadomo\u015b\u0107","og_url":"https:\/\/7picompany.com\/ua\/contacts\/","og_site_name":"PIC","article_publisher":"https:\/\/www.facebook.com\/Perfekt.Investment","article_modified_time":"2025-01-22T14:39:20+00:00","twitter_card":"summary_large_image","twitter_misc":{"\u041f\u0440\u0438\u0431\u043b. \u0447\u0430\u0441 \u0447\u0438\u0442\u0430\u043d\u043d\u044f":"1 \u0445\u0432\u0438\u043b\u0438\u043d\u0430"},"schema":{"@context":"https:\/\/schema.org","@graph":[{"@type":"WebPage","@id":"https:\/\/7picompany.com\/contacts\/","url":"https:\/\/7picompany.com\/contacts\/","name":"Contacts - PIC","isPartOf":{"@id":"https:\/\/7picompany.com\/#website"},"datePublished":"2020-12-28T08:11:42+00:00","dateModified":"2025-01-22T14:39:20+00:00","inLanguage":"uk","potentialAction":[{"@type":"ReadAction","target":["https:\/\/7picompany.com\/contacts\/"]}]},{"@type":"WebSite","@id":"https:\/\/7picompany.com\/#website","url":"https:\/\/7picompany.com\/","name":"PIC","description":"PERFECT INVESTMENT COMPANY SP\u00d3\u0141KA Z OGRANICZON\u0104 ODPOWIEDZIALNO\u015aCI\u0104","publisher":{"@id":"https:\/\/7picompany.com\/#organization"},"potentialAction":[{"@type":"SearchAction","target":{"@type":"EntryPoint","urlTemplate":"https:\/\/7picompany.com\/?s={search_term_string}"},"query-input":{"@type":"PropertyValueSpecification","valueRequired":true,"valueName":"search_term_string"}}],"inLanguage":"uk"},{"@type":"Organization","@id":"https:\/\/7picompany.com\/#organization","name":"PIC","url":"https:\/\/7picompany.com\/","logo":{"@type":"ImageObject","inLanguage":"uk","@id":"https:\/\/7picompany.com\/#\/schema\/logo\/image\/","url":"https:\/\/7picompany.com\/wp-content\/uploads\/2021\/01\/cropped-Logo_RGB_1-scaled-1.jpg","contentUrl":"https:\/\/7picompany.com\/wp-content\/uploads\/2021\/01\/cropped-Logo_RGB_1-scaled-1.jpg","width":2560,"height":642,"caption":"PIC"},"image":{"@id":"https:\/\/7picompany.com\/#\/schema\/logo\/image\/"},"sameAs":["https:\/\/www.facebook.com\/Perfekt.Investment","https:\/\/www.instagram.com\/perfekt.investment\/"]}]}},"jetpack_sharing_enabled":true,"_links":{"self":[{"href":"https:\/\/7picompany.com\/ua\/wp-json\/wp\/v2\/pages\/19","targetHints":{"allow":["GET"]}}],"collection":[{"href":"https:\/\/7picompany.com\/ua\/wp-json\/wp\/v2\/pages"}],"about":[{"href":"https:\/\/7picompany.com\/ua\/wp-json\/wp\/v2\/types\/page"}],"author":[{"embeddable":true,"href":"https:\/\/7picompany.com\/ua\/wp-json\/wp\/v2\/users\/4"}],"replies":[{"embeddable":true,"href":"https:\/\/7picompany.com\/ua\/wp-json\/wp\/v2\/comments?post=19"}],"version-history":[{"count":18,"href":"https:\/\/7picompany.com\/ua\/wp-json\/wp\/v2\/pages\/19\/revisions"}],"predecessor-version":[{"id":2311,"href":"https:\/\/7picompany.com\/ua\/wp-json\/wp\/v2\/pages\/19\/revisions\/2311"}],"wp:attachment":[{"href":"https:\/\/7picompany.com\/ua\/wp-json\/wp\/v2\/media?parent=19"}],"curies":[{"name":"wp","href":"https:\/\/api.w.org\/{rel}","templated":true}]}}