{"id":5,"date":"2020-12-26T18:48:26","date_gmt":"2020-12-26T15:48:26","guid":{"rendered":"http:\/\/7picompany.com\/?page_id=5"},"modified":"2021-03-29T11:01:12","modified_gmt":"2021-03-29T08:01:12","slug":"home-page","status":"publish","type":"page","link":"https:\/\/7picompany.com\/eng\/home-page\/","title":{"rendered":"Home old"},"content":{"rendered":"\t\t<div data-elementor-type=\"wp-page\" data-elementor-id=\"5\" class=\"elementor elementor-5\" data-elementor-post-type=\"page\">\n\t\t\t\t<section class=\"elementor-section elementor-top-section elementor-element elementor-element-451630ea elementor-section-boxed elementor-section-height-default elementor-section-height-default\" data-id=\"451630ea\" data-element_type=\"section\" data-e-type=\"section\">\n\t\t\t\t\t\t<div class=\"elementor-container elementor-column-gap-default\">\n\t\t\t\t\t<div class=\"elementor-column elementor-col-100 elementor-top-column elementor-element elementor-element-2facf2f3\" data-id=\"2facf2f3\" data-element_type=\"column\" data-e-type=\"column\">\n\t\t\t<div class=\"elementor-widget-wrap elementor-element-populated\">\n\t\t\t\t\t\t<div class=\"elementor-element elementor-element-1deb0c51 elementor-widget elementor-widget-text-editor\" data-id=\"1deb0c51\" data-element_type=\"widget\" data-e-type=\"widget\" data-widget_type=\"text-editor.default\">\n\t\t\t\t<div class=\"elementor-widget-container\"><div style=\"width: 100%; height: auto; background: #F5F5F5;\"><br \/>\r\n<div class=\"header-h1 header-h1-dark\">\r\n<h1>NASZE PRACE<\/h1>\r\n<br \/><br \/><\/div>\r\n<br \/><br \/>\r\n<div style=\"max-width: 1100px;\"><center><div  id=\"jtg-8\" class=\"modula modula-gallery modula-custom-grid\" data-config=\"{&quot;height&quot;:800,&quot;tabletHeight&quot;:800,&quot;mobileHeight&quot;:800,&quot;desktopHeight&quot;:800,&quot;enableTwitter&quot;:false,&quot;enableWhatsapp&quot;:false,&quot;enableFacebook&quot;:false,&quot;enablePinterest&quot;:false,&quot;enableLinkedin&quot;:false,&quot;enableEmail&quot;:false,&quot;randomFactor&quot;:0.5,&quot;type&quot;:&quot;custom-grid&quot;,&quot;columns&quot;:12,&quot;gutter&quot;:10,&quot;mobileGutter&quot;:10,&quot;tabletGutter&quot;:10,&quot;desktopGutter&quot;:10,&quot;enableResponsive&quot;:&quot;0&quot;,&quot;tabletColumns&quot;:&quot;2&quot;,&quot;mobileColumns&quot;:&quot;1&quot;,&quot;lazyLoad&quot;:0,&quot;lightboxOpts&quot;:{&quot;animated&quot;:true,&quot;Thumbs&quot;:{&quot;type&quot;:&quot;modern&quot;,&quot;showOnStart&quot;:false},&quot;Toolbar&quot;:{&quot;display&quot;:{&quot;right&quot;:[&quot;close&quot;]},&quot;enabled&quot;:true},&quot;Carousel&quot;:{&quot;Panzoom&quot;:{&quot;touch&quot;:true},&quot;infinite&quot;:false},&quot;keyboard&quot;:{&quot;Escape&quot;:&quot;close&quot;,&quot;Delete&quot;:&quot;close&quot;,&quot;Backspace&quot;:&quot;close&quot;,&quot;PageUp&quot;:false,&quot;PageDown&quot;:false,&quot;ArrowUp&quot;:false,&quot;ArrowDown&quot;:false,&quot;ArrowRight&quot;:false,&quot;ArrowLeft&quot;:false},&quot;touch&quot;:false,&quot;backdropClick&quot;:false,&quot;l10n&quot;:{&quot;CLOSE&quot;:&quot;Close&quot;,&quot;NEXT&quot;:&quot;Next&quot;,&quot;PREV&quot;:&quot;Previous&quot;,&quot;Error&quot;:&quot;The requested content cannot be loaded. Please try again later.&quot;,&quot;PLAY_START&quot;:&quot;Start slideshow&quot;,&quot;PLAY_STOP&quot;:&quot;Pause slideshow&quot;,&quot;FULL_SCREEN&quot;:&quot;Full screen&quot;,&quot;THUMBS&quot;:&quot;Thumbnails&quot;,&quot;DOWNLOAD&quot;:&quot;Download&quot;,&quot;SHARE&quot;:&quot;Share&quot;,&quot;ZOOM&quot;:&quot;Zoom&quot;,&quot;EMAIL&quot;:&quot;Here is the link to the image : %%image_link%% and this is the link to the gallery : %%gallery_link%%&quot;,&quot;MODAL&quot;:&quot;You can close this modal content with the ESC key&quot;,&quot;ERROR&quot;:&quot;Something Went Wrong, Please Try Again Later&quot;,&quot;IMAGE_ERROR&quot;:&quot;Image Not Found&quot;,&quot;ELEMENT_NOT_FOUND&quot;:&quot;HTML Element Not Found&quot;,&quot;AJAX_NOT_FOUND&quot;:&quot;Error Loading AJAX : Not Found&quot;,&quot;AJAX_FORBIDDEN&quot;:&quot;Error Loading AJAX : Forbidden&quot;,&quot;IFRAME_ERROR&quot;:&quot;Error Loading Page&quot;,&quot;TOGGLE_ZOOM&quot;:&quot;Toggle zoom level&quot;,&quot;TOGGLE_THUMBS&quot;:&quot;Toggle thumbnails&quot;,&quot;TOGGLE_SLIDESHOW&quot;:&quot;Toggle slideshow&quot;,&quot;TOGGLE_FULLSCREEN&quot;:&quot;Toggle full-screen mode&quot;},&quot;Images&quot;:{&quot;Panzoom&quot;:{&quot;maxScale&quot;:2}},&quot;mainClass&quot;:&quot;modula-fancybox-container modula-lightbox-jtg-8&quot;,&quot;Html&quot;:{&quot;videoAutoplay&quot;:0,&quot;videoTpl&quot;:&quot;&lt;video class=\\&quot;fancybox__html5video\\&quot; controls muted playsinline controlsList controlsList=\\&quot;nodownload\\&quot; poster=\\&quot;{{poster}}\\&quot; src=\\&quot;{{src}}\\&quot; type=\\&quot;{{format}}\\&quot; &gt;  Sorry, your browser doesn&#039;t support embedded videos, &lt;a href=\\&quot;{{src}}\\&quot;&gt; download &lt;\\\/a&gt; and watch with your favorite video player! &lt;\\\/video&gt;&quot;}},&quot;inView&quot;:false,&quot;email_subject&quot;:&quot;Check out this awesome image !!&quot;,&quot;email_message&quot;:&quot;Here is the link to the image : %%image_link%% and this is the link to the gallery : %%gallery_link%%&quot;,&quot;lightbox&quot;:&quot;fancybox&quot;}\">\n\n\t\n\t<div  class=\"modula-items\">\n\t\t<div class=\"modula-item effect-pufrobo\" data-width=\"2\" data-height=\"2\" >\n\t<div class=\"modula-item-overlay\"><\/div>\n\n\t<div class=\"modula-item-content\">\n\n\t\t<a data-image-id=\"9\" role=\"button\" data-elementor-open-lightbox=\"no\" tabindex=\"0\" rel=\"jtg-8\" data-caption=\"\" aria-label=\"Open image in lightbox\" class=\"tile-inner modula-item-link\"><\/a><img fetchpriority=\"high\" decoding=\"async\" class=\"pic wp-image-9\"  data-valign=\"middle\" data-halign=\"center\" alt=\"\" data-full=\"https:\/\/7picompany.com\/wp-content\/uploads\/2020\/12\/1.jpg\" title=\"1\" crop=\"\" width=\"300\" height=\"201\" src=\"https:\/\/7picompany.com\/wp-content\/uploads\/2020\/12\/1-300x201.jpg\" data-src=\"https:\/\/7picompany.com\/wp-content\/uploads\/2020\/12\/1-300x201.jpg\" data-caption=\"\" srcset=\"https:\/\/7picompany.com\/wp-content\/uploads\/2020\/12\/1.jpg 967w, https:\/\/7picompany.com\/wp-content\/uploads\/2020\/12\/1-300x201.jpg 300w, https:\/\/7picompany.com\/wp-content\/uploads\/2020\/12\/1-768x514.jpg 768w\" sizes=\"(max-width: 300px) 100vw, 300px\" \/>\n\t\t<div class=\"figc no-description\">\n\t\t\t<div class=\"figc-inner\">\n\t\t\t\t\t\t\t\t\t<div class='jtg-title'>1<\/div>\n\t\t\t\t\t\t\t\t\t\t\t\t\t\t\t<\/div>\n\t\t<\/div>\n\n\t<\/div>\n\n<\/div><div class=\"modula-item effect-pufrobo\" data-width=\"2\" data-height=\"2\" >\n\t<div class=\"modula-item-overlay\"><\/div>\n\n\t<div class=\"modula-item-content\">\n\n\t\t<a data-image-id=\"10\" role=\"button\" data-elementor-open-lightbox=\"no\" tabindex=\"0\" rel=\"jtg-8\" data-caption=\"\" aria-label=\"Open image in lightbox\" class=\"tile-inner modula-item-link\"><\/a><img decoding=\"async\" class=\"pic wp-image-10\"  data-valign=\"middle\" data-halign=\"center\" alt=\"\" data-full=\"https:\/\/7picompany.com\/wp-content\/uploads\/2020\/12\/2.jpg\" title=\"2\" crop=\"\" width=\"300\" height=\"210\" src=\"https:\/\/7picompany.com\/wp-content\/uploads\/2020\/12\/2-300x210.jpg\" data-src=\"https:\/\/7picompany.com\/wp-content\/uploads\/2020\/12\/2-300x210.jpg\" data-caption=\"\" srcset=\"https:\/\/7picompany.com\/wp-content\/uploads\/2020\/12\/2.jpg 747w, https:\/\/7picompany.com\/wp-content\/uploads\/2020\/12\/2-300x210.jpg 300w\" sizes=\"(max-width: 300px) 100vw, 300px\" \/>\n\t\t<div class=\"figc no-description\">\n\t\t\t<div class=\"figc-inner\">\n\t\t\t\t\t\t\t\t\t<div class='jtg-title'>2<\/div>\n\t\t\t\t\t\t\t\t\t\t\t\t\t\t\t<\/div>\n\t\t<\/div>\n\n\t<\/div>\n\n<\/div><div class=\"modula-item effect-pufrobo\" data-width=\"2\" data-height=\"2\" >\n\t<div class=\"modula-item-overlay\"><\/div>\n\n\t<div class=\"modula-item-content\">\n\n\t\t<a data-image-id=\"11\" role=\"button\" data-elementor-open-lightbox=\"no\" tabindex=\"0\" rel=\"jtg-8\" data-caption=\"\" aria-label=\"Open image in lightbox\" class=\"tile-inner modula-item-link\"><\/a><img decoding=\"async\" class=\"pic wp-image-11\"  data-valign=\"middle\" data-halign=\"center\" alt=\"\" data-full=\"https:\/\/7picompany.com\/wp-content\/uploads\/2020\/12\/3.jpg\" title=\"3\" crop=\"\" width=\"300\" height=\"198\" src=\"https:\/\/7picompany.com\/wp-content\/uploads\/2020\/12\/3-300x198.jpg\" data-src=\"https:\/\/7picompany.com\/wp-content\/uploads\/2020\/12\/3-300x198.jpg\" data-caption=\"\" srcset=\"https:\/\/7picompany.com\/wp-content\/uploads\/2020\/12\/3.jpg 1005w, https:\/\/7picompany.com\/wp-content\/uploads\/2020\/12\/3-300x198.jpg 300w, https:\/\/7picompany.com\/wp-content\/uploads\/2020\/12\/3-768x506.jpg 768w\" sizes=\"(max-width: 300px) 100vw, 300px\" \/>\n\t\t<div class=\"figc no-description\">\n\t\t\t<div class=\"figc-inner\">\n\t\t\t\t\t\t\t\t\t<div class='jtg-title'>3<\/div>\n\t\t\t\t\t\t\t\t\t\t\t\t\t\t\t<\/div>\n\t\t<\/div>\n\n\t<\/div>\n\n<\/div><div class=\"modula-item effect-pufrobo\" data-width=\"2\" data-height=\"2\" >\n\t<div class=\"modula-item-overlay\"><\/div>\n\n\t<div class=\"modula-item-content\">\n\n\t\t<a data-image-id=\"12\" role=\"button\" data-elementor-open-lightbox=\"no\" tabindex=\"0\" rel=\"jtg-8\" data-caption=\"\" aria-label=\"Open image in lightbox\" class=\"tile-inner modula-item-link\"><\/a><img loading=\"lazy\" decoding=\"async\" class=\"pic wp-image-12\"  data-valign=\"middle\" data-halign=\"center\" alt=\"\" data-full=\"https:\/\/7picompany.com\/wp-content\/uploads\/2020\/12\/4.jpg\" title=\"4\" crop=\"\" width=\"300\" height=\"194\" src=\"https:\/\/7picompany.com\/wp-content\/uploads\/2020\/12\/4-300x194.jpg\" data-src=\"https:\/\/7picompany.com\/wp-content\/uploads\/2020\/12\/4-300x194.jpg\" data-caption=\"\" srcset=\"https:\/\/7picompany.com\/wp-content\/uploads\/2020\/12\/4.jpg 1097w, https:\/\/7picompany.com\/wp-content\/uploads\/2020\/12\/4-300x194.jpg 300w, https:\/\/7picompany.com\/wp-content\/uploads\/2020\/12\/4-1024x662.jpg 1024w, https:\/\/7picompany.com\/wp-content\/uploads\/2020\/12\/4-768x496.jpg 768w\" sizes=\"(max-width: 300px) 100vw, 300px\" \/>\n\t\t<div class=\"figc no-description\">\n\t\t\t<div class=\"figc-inner\">\n\t\t\t\t\t\t\t\t\t<div class='jtg-title'>4<\/div>\n\t\t\t\t\t\t\t\t\t\t\t\t\t\t\t<\/div>\n\t\t<\/div>\n\n\t<\/div>\n\n<\/div><div class=\"modula-item effect-pufrobo\" data-width=\"2\" data-height=\"2\" >\n\t<div class=\"modula-item-overlay\"><\/div>\n\n\t<div class=\"modula-item-content\">\n\n\t\t<a data-image-id=\"13\" role=\"button\" data-elementor-open-lightbox=\"no\" tabindex=\"0\" rel=\"jtg-8\" data-caption=\"\" aria-label=\"Open image in lightbox\" class=\"tile-inner modula-item-link\"><\/a><img loading=\"lazy\" decoding=\"async\" class=\"pic wp-image-13\"  data-valign=\"middle\" data-halign=\"center\" alt=\"\" data-full=\"https:\/\/7picompany.com\/wp-content\/uploads\/2020\/12\/5.jpg\" title=\"5\" crop=\"\" width=\"300\" height=\"225\" src=\"https:\/\/7picompany.com\/wp-content\/uploads\/2020\/12\/5-300x225.jpg\" data-src=\"https:\/\/7picompany.com\/wp-content\/uploads\/2020\/12\/5-300x225.jpg\" data-caption=\"\" srcset=\"https:\/\/7picompany.com\/wp-content\/uploads\/2020\/12\/5.jpg 661w, https:\/\/7picompany.com\/wp-content\/uploads\/2020\/12\/5-300x225.jpg 300w\" sizes=\"(max-width: 300px) 100vw, 300px\" \/>\n\t\t<div class=\"figc no-description\">\n\t\t\t<div class=\"figc-inner\">\n\t\t\t\t\t\t\t\t\t<div class='jtg-title'>5<\/div>\n\t\t\t\t\t\t\t\t\t\t\t\t\t\t\t<\/div>\n\t\t<\/div>\n\n\t<\/div>\n\n<\/div><div class=\"modula-item effect-pufrobo\" data-width=\"2\" data-height=\"2\" >\n\t<div class=\"modula-item-overlay\"><\/div>\n\n\t<div class=\"modula-item-content\">\n\n\t\t<a data-image-id=\"14\" role=\"button\" data-elementor-open-lightbox=\"no\" tabindex=\"0\" rel=\"jtg-8\" data-caption=\"\" aria-label=\"Open image in lightbox\" class=\"tile-inner modula-item-link\"><\/a><img loading=\"lazy\" decoding=\"async\" class=\"pic wp-image-14\"  data-valign=\"middle\" data-halign=\"center\" alt=\"\" data-full=\"https:\/\/7picompany.com\/wp-content\/uploads\/2020\/12\/6.jpg\" title=\"6\" crop=\"\" width=\"300\" height=\"200\" src=\"https:\/\/7picompany.com\/wp-content\/uploads\/2020\/12\/6-300x200.jpg\" data-src=\"https:\/\/7picompany.com\/wp-content\/uploads\/2020\/12\/6-300x200.jpg\" data-caption=\"\" srcset=\"https:\/\/7picompany.com\/wp-content\/uploads\/2020\/12\/6.jpg 917w, https:\/\/7picompany.com\/wp-content\/uploads\/2020\/12\/6-300x200.jpg 300w, https:\/\/7picompany.com\/wp-content\/uploads\/2020\/12\/6-768x512.jpg 768w\" sizes=\"(max-width: 300px) 100vw, 300px\" \/>\n\t\t<div class=\"figc no-description\">\n\t\t\t<div class=\"figc-inner\">\n\t\t\t\t\t\t\t\t\t<div class='jtg-title'>6<\/div>\n\t\t\t\t\t\t\t\t\t\t\t\t\t\t\t<\/div>\n\t\t<\/div>\n\n\t<\/div>\n\n<\/div>\t\t\n\t<\/div>\n\n\t\n\t\n\t<script type=\"application\/ld+json\">\n\t{\n\t\t\"@context\": \"http:\/\/schema.org\",\n\t\t\"@type\"   : \"ImageGallery\",\n\t\t\"id\"      : \"https:\/\/7picompany.com\/eng\/home-page\/\",\n\t\t\"url\"     : \"https:\/\/7picompany.com\/eng\/home-page\/\"\n\t}\n\n\t<\/script>\n\n\t\n<\/div>\n<\/center><\/div>\r\n<br \/><br \/><\/div><\/div>\n\t\t\t\t<\/div>\n\t\t\t\t\t<\/div>\n\t\t<\/div>\n\t\t\t\t\t<\/div>\n\t\t<\/section>\t\t<\/div>\n\t\t","protected":false},"excerpt":{"rendered":"<div class=\"wpm_excerpt clearfix\"><p>&nbsp; NASZE PRACE &nbsp; &nbsp;<\/p>\n<\/div>","protected":false},"author":4,"featured_media":0,"parent":0,"menu_order":0,"comment_status":"closed","ping_status":"closed","template":"","meta":{"footnotes":""},"class_list":["post-5","page","type-page","status-publish","hentry"],"yoast_head":"<!-- This site is optimized with the Yoast SEO plugin v26.8 - https:\/\/yoast.com\/product\/yoast-seo-wordpress\/ -->\n<title>Wszelkie rodzajenapraw | PIC<\/title>\n<meta name=\"description\" content=\"Nasi fachowcy wykonaj\u0105 wszelkiego rodzaju prace budowlane i instalacyjne, prace remontowe i wyko\u0144czeniowew mo\u017cliwie najkr\u00f3tszym czasie zgodnie ze wszystkimi ustaleniami.\" \/>\n<meta name=\"robots\" content=\"index, follow, max-snippet:-1, max-image-preview:large, max-video-preview:-1\" \/>\n<link rel=\"canonical\" href=\"https:\/\/7picompany.com\/eng\/home-page\/\" \/>\n<meta property=\"og:locale\" content=\"en_US\" \/>\n<meta property=\"og:type\" content=\"article\" \/>\n<meta property=\"og:title\" content=\"Wszelkie rodzajenapraw | PIC\" \/>\n<meta property=\"og:description\" content=\"Nasi fachowcy wykonaj\u0105 wszelkiego rodzaju prace budowlane i instalacyjne, prace remontowe i wyko\u0144czeniowew mo\u017cliwie najkr\u00f3tszym czasie zgodnie ze wszystkimi ustaleniami.\" \/>\n<meta property=\"og:url\" content=\"https:\/\/7picompany.com\/eng\/home-page\/\" \/>\n<meta property=\"og:site_name\" content=\"PIC\" \/>\n<meta property=\"article:publisher\" content=\"https:\/\/www.facebook.com\/Perfekt.Investment\" \/>\n<meta property=\"article:modified_time\" content=\"2021-03-29T08:01:12+00:00\" \/>\n<meta name=\"twitter:card\" content=\"summary_large_image\" \/>\n<script type=\"application\/ld+json\" class=\"yoast-schema-graph\">{\"@context\":\"https:\/\/schema.org\",\"@graph\":[{\"@type\":\"WebPage\",\"@id\":\"https:\/\/7picompany.com\/home-page\/\",\"url\":\"https:\/\/7picompany.com\/home-page\/\",\"name\":\"Wszelkie rodzajenapraw | PIC\",\"isPartOf\":{\"@id\":\"https:\/\/7picompany.com\/#website\"},\"datePublished\":\"2020-12-26T15:48:26+00:00\",\"dateModified\":\"2021-03-29T08:01:12+00:00\",\"description\":\"Nasi fachowcy wykonaj\u0105 wszelkiego rodzaju prace budowlane i instalacyjne, prace remontowe i wyko\u0144czeniowew mo\u017cliwie najkr\u00f3tszym czasie zgodnie ze wszystkimi ustaleniami.\",\"inLanguage\":\"en-US\",\"potentialAction\":[{\"@type\":\"ReadAction\",\"target\":[\"https:\/\/7picompany.com\/home-page\/\"]}]},{\"@type\":\"WebSite\",\"@id\":\"https:\/\/7picompany.com\/#website\",\"url\":\"https:\/\/7picompany.com\/\",\"name\":\"PIC\",\"description\":\"PERFECT INVESTMENT COMPANY SP\u00d3\u0141KA Z OGRANICZON\u0104 ODPOWIEDZIALNO\u015aCI\u0104\",\"publisher\":{\"@id\":\"https:\/\/7picompany.com\/#organization\"},\"potentialAction\":[{\"@type\":\"SearchAction\",\"target\":{\"@type\":\"EntryPoint\",\"urlTemplate\":\"https:\/\/7picompany.com\/?s={search_term_string}\"},\"query-input\":{\"@type\":\"PropertyValueSpecification\",\"valueRequired\":true,\"valueName\":\"search_term_string\"}}],\"inLanguage\":\"en-US\"},{\"@type\":\"Organization\",\"@id\":\"https:\/\/7picompany.com\/#organization\",\"name\":\"PIC\",\"url\":\"https:\/\/7picompany.com\/\",\"logo\":{\"@type\":\"ImageObject\",\"inLanguage\":\"en-US\",\"@id\":\"https:\/\/7picompany.com\/#\/schema\/logo\/image\/\",\"url\":\"https:\/\/7picompany.com\/wp-content\/uploads\/2021\/01\/cropped-Logo_RGB_1-scaled-1.jpg\",\"contentUrl\":\"https:\/\/7picompany.com\/wp-content\/uploads\/2021\/01\/cropped-Logo_RGB_1-scaled-1.jpg\",\"width\":2560,\"height\":642,\"caption\":\"PIC\"},\"image\":{\"@id\":\"https:\/\/7picompany.com\/#\/schema\/logo\/image\/\"},\"sameAs\":[\"https:\/\/www.facebook.com\/Perfekt.Investment\",\"https:\/\/www.instagram.com\/perfekt.investment\/\"]}]}<\/script>\n<!-- \/ Yoast SEO plugin. -->","yoast_head_json":{"title":"Wszelkie rodzajenapraw | PIC","description":"Nasi fachowcy wykonaj\u0105 wszelkiego rodzaju prace budowlane i instalacyjne, prace remontowe i wyko\u0144czeniowew mo\u017cliwie najkr\u00f3tszym czasie zgodnie ze wszystkimi ustaleniami.","robots":{"index":"index","follow":"follow","max-snippet":"max-snippet:-1","max-image-preview":"max-image-preview:large","max-video-preview":"max-video-preview:-1"},"canonical":"https:\/\/7picompany.com\/eng\/home-page\/","og_locale":"en_US","og_type":"article","og_title":"Wszelkie rodzajenapraw | PIC","og_description":"Nasi fachowcy wykonaj\u0105 wszelkiego rodzaju prace budowlane i instalacyjne, prace remontowe i wyko\u0144czeniowew mo\u017cliwie najkr\u00f3tszym czasie zgodnie ze wszystkimi ustaleniami.","og_url":"https:\/\/7picompany.com\/eng\/home-page\/","og_site_name":"PIC","article_publisher":"https:\/\/www.facebook.com\/Perfekt.Investment","article_modified_time":"2021-03-29T08:01:12+00:00","twitter_card":"summary_large_image","schema":{"@context":"https:\/\/schema.org","@graph":[{"@type":"WebPage","@id":"https:\/\/7picompany.com\/home-page\/","url":"https:\/\/7picompany.com\/home-page\/","name":"Wszelkie rodzajenapraw | PIC","isPartOf":{"@id":"https:\/\/7picompany.com\/#website"},"datePublished":"2020-12-26T15:48:26+00:00","dateModified":"2021-03-29T08:01:12+00:00","description":"Nasi fachowcy wykonaj\u0105 wszelkiego rodzaju prace budowlane i instalacyjne, prace remontowe i wyko\u0144czeniowew mo\u017cliwie najkr\u00f3tszym czasie zgodnie ze wszystkimi ustaleniami.","inLanguage":"en-US","potentialAction":[{"@type":"ReadAction","target":["https:\/\/7picompany.com\/home-page\/"]}]},{"@type":"WebSite","@id":"https:\/\/7picompany.com\/#website","url":"https:\/\/7picompany.com\/","name":"PIC","description":"PERFECT INVESTMENT COMPANY SP\u00d3\u0141KA Z OGRANICZON\u0104 ODPOWIEDZIALNO\u015aCI\u0104","publisher":{"@id":"https:\/\/7picompany.com\/#organization"},"potentialAction":[{"@type":"SearchAction","target":{"@type":"EntryPoint","urlTemplate":"https:\/\/7picompany.com\/?s={search_term_string}"},"query-input":{"@type":"PropertyValueSpecification","valueRequired":true,"valueName":"search_term_string"}}],"inLanguage":"en-US"},{"@type":"Organization","@id":"https:\/\/7picompany.com\/#organization","name":"PIC","url":"https:\/\/7picompany.com\/","logo":{"@type":"ImageObject","inLanguage":"en-US","@id":"https:\/\/7picompany.com\/#\/schema\/logo\/image\/","url":"https:\/\/7picompany.com\/wp-content\/uploads\/2021\/01\/cropped-Logo_RGB_1-scaled-1.jpg","contentUrl":"https:\/\/7picompany.com\/wp-content\/uploads\/2021\/01\/cropped-Logo_RGB_1-scaled-1.jpg","width":2560,"height":642,"caption":"PIC"},"image":{"@id":"https:\/\/7picompany.com\/#\/schema\/logo\/image\/"},"sameAs":["https:\/\/www.facebook.com\/Perfekt.Investment","https:\/\/www.instagram.com\/perfekt.investment\/"]}]}},"jetpack_sharing_enabled":true,"_links":{"self":[{"href":"https:\/\/7picompany.com\/eng\/wp-json\/wp\/v2\/pages\/5","targetHints":{"allow":["GET"]}}],"collection":[{"href":"https:\/\/7picompany.com\/eng\/wp-json\/wp\/v2\/pages"}],"about":[{"href":"https:\/\/7picompany.com\/eng\/wp-json\/wp\/v2\/types\/page"}],"author":[{"embeddable":true,"href":"https:\/\/7picompany.com\/eng\/wp-json\/wp\/v2\/users\/4"}],"replies":[{"embeddable":true,"href":"https:\/\/7picompany.com\/eng\/wp-json\/wp\/v2\/comments?post=5"}],"version-history":[{"count":9,"href":"https:\/\/7picompany.com\/eng\/wp-json\/wp\/v2\/pages\/5\/revisions"}],"predecessor-version":[{"id":68,"href":"https:\/\/7picompany.com\/eng\/wp-json\/wp\/v2\/pages\/5\/revisions\/68"}],"wp:attachment":[{"href":"https:\/\/7picompany.com\/eng\/wp-json\/wp\/v2\/media?parent=5"}],"curies":[{"name":"wp","href":"https:\/\/api.w.org\/{rel}","templated":true}]}}